{"id":11,"date":"2023-08-24T19:20:41","date_gmt":"2023-08-24T19:20:41","guid":{"rendered":"https:\/\/www.edbrasemallmann.com.br\/site\/?page_id=11"},"modified":"2023-09-08T17:00:25","modified_gmt":"2023-09-08T17:00:25","slug":"inicio","status":"publish","type":"page","link":"https:\/\/www.edbrasemallmann.com.br\/site\/","title":{"rendered":"In\u00edcio"},"content":{"rendered":"<div style=\"display: none;\">\n<p>contabilidade passo fundo contador passo fundo, edbras em passo fundo, empresa, Passo Fundo RS, empresa e contabilidade servi\u00e7os cont\u00e1beis passo fundo<\/p>\n<h1>empresa em Passo Fundo,\u00a0edbras passo fundo, contador passo fundo,<\/h1>\n<h2>empresa em passo fundo, contabilidade passo fundo e regi\u00e3o, contador passo fundo em passo fundo, empresa venda edbras contabilidade servi\u00e7os cont\u00e1beis passo fundo, contabilidade em passo fundo rs, empresa, para passo fundo e regi\u00e3o, empresa para passo fundo e regi\u00e3o\u00a0contabilidade contabilidade contabilidade servi\u00e7os cont\u00e1beis passo fundo de empresa em passo fundo, contabilidade passo fundo e regi\u00e3o, contador passo fundo em passo fundo, empresa venda edbras contabilidade servi\u00e7os cont\u00e1beis passo fundo, contabilidade em passo fundo rs, empresa,<a title=\"contabilidade contabilidade contabilidade servi\u00e7os cont\u00e1beis passo fundo de empresa em passo fundo, contabilidade passo fundo e regi\u00e3o, contador passo fundo em passo fundo, empresa venda edbras contabilidade servi\u00e7os cont\u00e1beis passo fundo, contabilidade em passo fundo rs, empresa, para passo fundo e regi\u00e3o, empresa para passo fundo e regi\u00e3o\" href=\"http:\/\/www.edbrasemallmann.com.br\">para passo fundo e regi\u00e3o, empresa para passo fundo e regi\u00e3o\u00a0contabilidade contabilidade contabilidade servi\u00e7os cont\u00e1beis passo fundo de empresa em passo fundo, contabilidade passo fundo e regi\u00e3o, contador passo fundo em passo fundo, empresa venda edbras contabilidade servi\u00e7os cont\u00e1beis passo fundo, contabilidade em passo fundo rs, empresa<\/a>, para passo fundo e regi\u00e3o, empresa para passo fundo e regi\u00e3o\u00a0contabilidade contabilidade contabilidade servi\u00e7os cont\u00e1beis passo fundo de empresa em passo fundo, contabilidade passo fundo e regi\u00e3o, contador passo fundo em passo fundo, empresa venda edbras contabilidade servi\u00e7os cont\u00e1beis passo fundo, contabilidade em passo fundo rs, empresa, para passo fundo e regi\u00e3o, empresa para passo fundo e regi\u00e3o\u00a0contabilidade contabilidade contabilidade servi\u00e7os cont\u00e1beis passo fundo de empresa em passo fundo, contabilidade passo fundo e regi\u00e3o, contador passo fundo em passo fundo, empresa venda edbras contabilidade servi\u00e7os cont\u00e1beis passo fundo, contabilidade em passo fundo rs, empresa, para passo fundo e regi\u00e3o,<a title=\"contabilidade contabilidade contabilidade servi\u00e7os cont\u00e1beis passo fundo de empresa em passo fundo, contabilidade passo fundo e regi\u00e3o, contador passo fundo em passo fundo, empresa venda edbras contabilidade servi\u00e7os cont\u00e1beis passo fundo, contabilidade em passo fundo rs, empresa, para passo fundo e regi\u00e3o, empresa para passo fundo e regi\u00e3o\" href=\"https:\/\/www.edbrasemallmann.com.br\/site\">empresa para passo fundo e regi\u00e3o\u00a0contabilidade contabilidade contabilidade servi\u00e7os cont\u00e1beis passo fundo de empresa em passo fundo, contabilidade passo fundo e regi\u00e3o, cria\u00e7\u00e3o de sit<\/a>es em passo fundo, empresa venda edbras contabilidade servi\u00e7os cont\u00e1beis passo fundo, contabilidade em passo fundo rs, empresa, para passo fundo e regi\u00e3o, empresa para passo fundo e regi\u00e3o<\/h2>\n<div id=\"attachment_747\" style=\"width: 353px\" class=\"wp-caption aligncenter\"><a href=\"https:\/\/www.edbrasemallmann.com.br\/site\/wp-content\/uploads\/2013\/06\/per\u00edcia-m\u00e9dica-passo-fundo-rs.jpg\"><img aria-describedby=\"caption-attachment-747\" decoding=\"async\" loading=\"lazy\" class=\"size-full wp-image-747 \" title=\"contabilidade contabilidade contabilidade servi\u00e7os cont\u00e1beis passo fundo de empresa em Passo Fundo\" src=\"https:\/\/www.edbrasemallmann.com.br\/site\/wp-content\/uploads\/2013\/06\/per\u00edcia-m\u00e9dica-passo-fundo-rs.jpg\" alt=\"contabilidade contabilidade contabilidade servi\u00e7os cont\u00e1beis passo fundo de empresa em Passo Fundo\" width=\"343\" height=\"300\"  loading=\"lazy\" \/><\/a><p id=\"caption-attachment-747\" class=\"wp-caption-text\">contabilidade contabilidade contabilidade servi\u00e7os cont\u00e1beis passo fundo de empresa em Passo Fundo<\/p><\/div>\n<\/div>\n","protected":false},"excerpt":{"rendered":"<p>contabilidade passo fundo contador passo fundo, edbras em passo fundo, empresa, Passo Fundo RS, empresa [&hellip;]<\/p>\n","protected":false},"author":1,"featured_media":0,"parent":0,"menu_order":0,"comment_status":"closed","ping_status":"closed","template":"template-inicio.php","meta":[],"_links":{"self":[{"href":"https:\/\/www.edbrasemallmann.com.br\/site\/wp-json\/wp\/v2\/pages\/11"}],"collection":[{"href":"https:\/\/www.edbrasemallmann.com.br\/site\/wp-json\/wp\/v2\/pages"}],"about":[{"href":"https:\/\/www.edbrasemallmann.com.br\/site\/wp-json\/wp\/v2\/types\/page"}],"author":[{"embeddable":true,"href":"https:\/\/www.edbrasemallmann.com.br\/site\/wp-json\/wp\/v2\/users\/1"}],"replies":[{"embeddable":true,"href":"https:\/\/www.edbrasemallmann.com.br\/site\/wp-json\/wp\/v2\/comments?post=11"}],"version-history":[{"count":2,"href":"https:\/\/www.edbrasemallmann.com.br\/site\/wp-json\/wp\/v2\/pages\/11\/revisions"}],"predecessor-version":[{"id":75,"href":"https:\/\/www.edbrasemallmann.com.br\/site\/wp-json\/wp\/v2\/pages\/11\/revisions\/75"}],"wp:attachment":[{"href":"https:\/\/www.edbrasemallmann.com.br\/site\/wp-json\/wp\/v2\/media?parent=11"}],"curies":[{"name":"wp","href":"https:\/\/api.w.org\/{rel}","templated":true}]}}